{"id":14931,"date":"2021-11-16T11:34:00","date_gmt":"2021-11-16T10:34:00","guid":{"rendered":"https:\/\/www.microsteel.com\/nasze-certyfikaty\/"},"modified":"2026-01-27T17:27:17","modified_gmt":"2026-01-27T16:27:17","slug":"nasze-certyfikaty","status":"publish","type":"page","link":"https:\/\/www.microsteel.com\/pl\/nasze-certyfikaty\/","title":{"rendered":"Nasze certyfikaty"},"content":{"rendered":"<div class=\"container\"><div class=\"row\"><div class=\"col-12 paragraph\">\n<p>Od 2020 roku, wraz z wej\u015bciem na rynek medyczny, dzia\u0142ania podj\u0119te w celu uzyskania normy ISO 13485:2016 sprawi\u0142y, \u017ce MICROSTEEL jest jedyn\u0105 odlewni\u0105 posiadaj\u0105c\u0105 jednocze\u015bnie certyfikacje lotnicz\u0105 i medyczn\u0105.<\/p>\n<\/div><\/div><\/div>\n\n<div class=\"container\"><div class=\"row\"><div class=\"col-12 heading\">\n<h2 class=\"wp-block-heading\">Podw\u00f3jna certyfikacja: lotnictwo i medycyna<\/h2>\n<\/div><\/div><\/div>\n\n\n<div class=\"leftrightmedia customcontainer row medialeft align-items-center justify-content-center \">\n\t<div class=\"col-12 mediacontent col-xxl-8 col-xl-6 order-1\">\n\t\t<img decoding=\"async\" src=\"https:\/\/www.microsteel.com\/wp-content\/uploads\/microsteel-certifications-2025.jpg\" alt=\"\" class=\"img-fluid\">\t<\/div>\n\t<div class=\"col-11 desccontent bg-lightgrey col-xxl-4 col-xl-6 order-2\">\n\t\t<h3>Nasze certyfikaty<\/h3>\n<ul>\n<li><a href=\"https:\/\/www.microsteel.com\/wp-content\/uploads\/ISO-9001-C703446-1-en-US-20250320.pdf\" target=\"_blank\" rel=\"noopener\">ISO 9001<\/a><\/li>\n<li><a href=\"https:\/\/www.microsteel.com\/wp-content\/uploads\/ISO-13485-C660590-1-en-US-20240502-20240502083954.pdf\" target=\"_blank\" rel=\"noopener\">ISO 13485:2016<\/a><\/li>\n<li><a href=\"https:\/\/www.microsteel.com\/wp-content\/uploads\/ISO-9001-C703446-1-en-US-20250320.pdf\" target=\"_blank\" rel=\"noopener\">EN 9100 (system zarz\u0105dzania jako\u015bci\u0105 w sektorze lotniczym, kosmicznym i obronnym)<\/a><\/li>\n<li><a href=\"https:\/\/www.microsteel.com\/wp-content\/uploads\/certificate-NDT-A4-2025.pdf\" target=\"_blank\" rel=\"noopener\">Certyfikat NADCAP (Aerospace) \u2013 badania nieniszcz\u0105ce<\/a><\/li>\n<li>Inspektorzy: badania radiograficzne i penetracyjne \u2013 certyfikaty poziomu N2 i N3<\/li>\n<\/ul>\n\n\t\t\t<\/div>\n<\/div>\n\n\n\n\n<div class=\"container\"><div class=\"row\"><div class=\"col-12 heading\">\n<h3 class=\"wp-block-heading\">Status zatwierdzonego dostawcy<\/h3>\n<\/div><\/div><\/div>\n\n<div class=\"container\"><div class=\"row\"><div class=\"col-12 listing\">\n<ul class=\"wp-block-list\">\n<li>LIEBHERR AEROSPACE<\/li>\n\n\n\n<li>SAFRAN<\/li>\n\n\n\n<li>AIRBUS<\/li>\n\n\n\n<li>GE<\/li>\n\n\n\n<li>COLLINS<\/li>\n<\/ul>\n<\/div><\/div><\/div>\n\n<div class=\"container\"><div class=\"row\"><div class=\"col-12 heading\">\n<h2 class=\"wp-block-heading\">Innowacja w centrum naszej strategii rozwoju<\/h2>\n<\/div><\/div><\/div>\n\n<div class=\"container\"><div class=\"row\"><div class=\"col-12 paragraph\">\n<p>Aby skutecznie wspiera\u0107 i wyprzedza\u0107 zmiany zachodz\u0105ce na naszych rynkach, MICROSTEEL realizuje podej\u015bcie ci\u0105g\u0142ego doskonalenia, traktuj\u0105c innowacje jako kluczowy element rozwoju.<\/p>\n<\/div><\/div><\/div>\n\n<div class=\"container\"><div class=\"row\"><div class=\"col-12 paragraph\">\n<p>Wdra\u017camy \u015brodki i zasoby umo\u017cliwiaj\u0105ce realizacj\u0119 projekt\u00f3w rozwojowych z udzia\u0142em wszystkich obszar\u00f3w organizacji. Opieramy si\u0119 zar\u00f3wno na wieloletnim do\u015bwiadczeniu, jak i na narz\u0119dziach projektowania 3D oraz symulacjach numerycznych. <\/p>\n<\/div><\/div><\/div>\n\n<div class=\"container\"><div class=\"row\"><div class=\"col-12 paragraph\">\n<p>Dzia\u0142alno\u015b\u0107 badawczo-rozwojowa MICROSTEEL przyczynia si\u0119 do poszerzania wiedzy teoretycznej i praktycznej w dziedzinie metalurgii.<\/p>\n<\/div><\/div><\/div>\n\n<div class=\"container\"><div class=\"row\"><div class=\"col-12 paragraph\">\n<p>Nasze dzia\u0142ania wspierane s\u0105 wewn\u0119trznie przez:<\/p>\n<\/div><\/div><\/div>\n\n<div class=\"container\"><div class=\"row\"><div class=\"col-12 listing\">\n<ul class=\"wp-block-list\">\n<li>komitet steruj\u0105cy ds. technicznych i finansowych,<\/li>\n\n\n\n<li>kierownik\u00f3w projekt\u00f3w,<\/li>\n\n\n\n<li>technik\u00f3w ds. metod,<\/li>\n\n\n\n<li>eksperta metalurgii,<\/li>\n\n\n\n<li>dzia\u0142 jako\u015bci.<\/li>\n<\/ul>\n<\/div><\/div><\/div>\n\n<div class=\"container\"><div class=\"row\"><div class=\"col-12 paragraph\">\n<p>Liczne wsp\u00f3\u0142prace z partnerami zewn\u0119trznymi umo\u017cliwiaj\u0105 MICROSTEEL opracowywanie i wdra\u017canie rozwi\u0105za\u0144 dla z\u0142o\u017conych problem\u00f3w przemys\u0142owych oraz realizacj\u0119 projekt\u00f3w eksperymentalnych dla nowych zastosowa\u0144.<\/p>\n<\/div><\/div><\/div>\n\n<div class=\"container\"><div class=\"row\"><div class=\"col-12 paragraph\">\n<p>Nasi partnerzy naukowo-techniczni:<\/p>\n<\/div><\/div><\/div>\n\n<div class=\"container\"><div class=\"row\"><div class=\"col-12 listing\">\n<ul class=\"wp-block-list\">\n<li>Centre Technique des Industries de la Fonderie (CTIF)<\/li>\n\n\n\n<li>Centre de Transfert de Technologies C\u00e9ramiques (CTTC) \u2013 Limoges<\/li>\n\n\n\n<li>Europejski Klaster Ceramiki \u2013 Limoges<\/li>\n\n\n\n<li>INSA Rennes<\/li>\n\n\n\n<li>Armines \u2013 Pary\u017c<\/li>\n\n\n\n<li>Uniwersytet w Angers<\/li>\n\n\n\n<li>ECAM Rennes \u2013 Louis de Broglie<\/li>\n<\/ul>\n<\/div><\/div><\/div>\n\n<div class=\"container\"><div class=\"row\"><div class=\"col-12 paragraph\">\n<p><\/p>\n<\/div><\/div><\/div>\n\n<div class=\"container\"><div class=\"row\"><div class=\"col-12 paragraph\">\n<p><\/p>\n<\/div><\/div><\/div>\n\n<div class=\"container\"><div class=\"row\"><div class=\"col-12 paragraph\">\n<p><\/p>\n<\/div><\/div><\/div>\n\n\n\n\n\n\n<div class=\"blocsecteur\" style=\"background-image : url(https:\/\/www.microsteel.com\/wp-content\/uploads\/Accueil-1900x850-1-1.jpg);\">\n\t<div class=\"container text-center pt-5\">\n\t\t<div class=\"introsecteur\">\n\t\t\t<h2>Sektory zastosowa\u0144<\/h2>\n\t\t\t\t\t<\/div>\n\t<\/div>\n\t<div class=\"customcontainer\">\n\t  <div class=\"remonteesecteur\">\n\t    \t      <div class=\"item px-3 py-5\">\n\t        <div class=\"shadow prelative bg-lightgrey\">\n\t        <h3> Odlewnia precyzyjna \u2013 technologia wosku traconego<\/h3>\n\t\t\t              <p>Odlewanie precyzyjne metod\u0105 wosku traconego jest technologi\u0105 formowania metali, umo\u017cliwiaj\u0105c\u0105 wytwarzanie precyzyjnych element\u00f3w metalowych o wysokiej dok\u0142adno\u015bci wymiarowej.<\/p>\n\t\t\t              <a class=\"btn bg-red reverse absolutebottom\" href=\"https:\/\/www.microsteel.com\/pl\/expertise\/odlewnia-precyzyjna-technologia-wosku-traconego\/\" title=\"Odlewnia precyzyjna \u2013 technologia wosku traconego\">Poznaj<\/a>\n\t      <\/div>\n\t      <\/div>\n\t      \t      <div class=\"item px-3 py-5\">\n\t        <div class=\"shadow prelative bg-lightgrey\">\n\t        <h3> Odlewnia od\u015brodkowa<\/h3>\n\t\t\t              <p>Od 1994 roku MICROSTEEL rozwija kompetencje w odlewaniu od\u015brodkowym, uzupe\u0142niaj\u0105c swoje do\u015bwiadczenie w technologii wosku traconego.<\/p>\n\t\t\t              <a class=\"btn bg-red reverse absolutebottom\" href=\"https:\/\/www.microsteel.com\/pl\/expertise\/odlewnia-odsrodkowa\/\" title=\"Odlewnia od\u015brodkowa\">Poznaj<\/a>\n\t      <\/div>\n\t      <\/div>\n\t      \t      <div class=\"item px-3 py-5\">\n\t        <div class=\"shadow prelative bg-lightgrey\">\n\t        <h3> Obr\u00f3bka mechaniczna<\/h3>\n\t\t\t              <p>MICROSTEEL specjalizuje si\u0119 w obr\u00f3bce twardych metali, takich jak Alacrite, Inconel\u00ae oraz tytan. Dzi\u0119ki w\u0142asnemu, zintegrowanemu warsztatowi wykonujemy pe\u0142en zakres operacji obr\u00f3bki mechanicznej, niezb\u0119dnych do wyka\u0144czania element\u00f3w metalowych wytwarzanych metod\u0105 odlewania precyzyjnego (wosk tracony) lub odlewania od\u015brodkowego.<\/p>\n\t\t\t              <a class=\"btn bg-red reverse absolutebottom\" href=\"https:\/\/www.microsteel.com\/pl\/expertise\/obrobka-mechaniczna\/\" title=\"Obr\u00f3bka mechaniczna\">Poznaj<\/a>\n\t      <\/div>\n\t      <\/div>\n\t      \t  <\/div>\n\t<\/div>\n<\/div>\n\n\n\n","protected":false},"excerpt":{"rendered":"<p>Od 2020 roku, wraz z wej\u015bciem na rynek medyczny, dzia\u0142ania podj\u0119te w celu uzyskania normy ISO 13485:2016 sprawi\u0142y, \u017ce MICROSTEEL jest jedyn\u0105 odlewni\u0105 posiadaj\u0105c\u0105 jednocze\u015bnie certyfikacje lotnicz\u0105 i medyczn\u0105. Podw\u00f3jna certyfikacja: lotnictwo i medycyna Status zatwierdzonego dostawcy Innowacja w centrum naszej strategii rozwoju Aby skutecznie wspiera\u0107 i wyprzedza\u0107 zmiany zachodz\u0105ce na naszych rynkach, MICROSTEEL realizuje [&hellip;]<\/p>\n","protected":false},"author":2,"featured_media":0,"parent":0,"menu_order":0,"comment_status":"closed","ping_status":"closed","template":"","meta":{"_acf_changed":false,"footnotes":""},"class_list":["post-14931","page","type-page","status-publish","hentry"],"acf":[],"_links":{"self":[{"href":"https:\/\/www.microsteel.com\/pl\/wp-json\/wp\/v2\/pages\/14931","targetHints":{"allow":["GET"]}}],"collection":[{"href":"https:\/\/www.microsteel.com\/pl\/wp-json\/wp\/v2\/pages"}],"about":[{"href":"https:\/\/www.microsteel.com\/pl\/wp-json\/wp\/v2\/types\/page"}],"author":[{"embeddable":true,"href":"https:\/\/www.microsteel.com\/pl\/wp-json\/wp\/v2\/users\/2"}],"replies":[{"embeddable":true,"href":"https:\/\/www.microsteel.com\/pl\/wp-json\/wp\/v2\/comments?post=14931"}],"version-history":[{"count":4,"href":"https:\/\/www.microsteel.com\/pl\/wp-json\/wp\/v2\/pages\/14931\/revisions"}],"predecessor-version":[{"id":15091,"href":"https:\/\/www.microsteel.com\/pl\/wp-json\/wp\/v2\/pages\/14931\/revisions\/15091"}],"wp:attachment":[{"href":"https:\/\/www.microsteel.com\/pl\/wp-json\/wp\/v2\/media?parent=14931"}],"curies":[{"name":"wp","href":"https:\/\/api.w.org\/{rel}","templated":true}]}}