{"id":14929,"date":"2021-10-29T09:55:02","date_gmt":"2021-10-29T07:55:02","guid":{"rendered":"https:\/\/www.microsteel.com\/informacje-prawne\/"},"modified":"2026-01-26T14:43:53","modified_gmt":"2026-01-26T13:43:53","slug":"informacje-prawne","status":"publish","type":"page","link":"https:\/\/www.microsteel.com\/pl\/informacje-prawne\/","title":{"rendered":"Informacje prawne"},"content":{"rendered":"<div class=\"container\"><div class=\"row\"><div class=\"col-12 heading\">\n<h2 class=\"wp-block-heading\" id=\"1-presentation-du-site\">1. Prezentacja strony internetowej<\/h2>\n<\/div><\/div><\/div><div class=\"container\"><div class=\"row\"><div class=\"col-12 paragraph\">\n<p>Zgodnie z art. 6 ustawy nr 2004-575 z dnia 21 czerwca 2004 r. o zaufaniu do gospodarki cyfrowej, u\u017cytkownikom strony internetowej sp\u00f3\u0142ki MICROSTEEL podaje si\u0119 to\u017csamo\u015b\u0107 podmiot\u00f3w uczestnicz\u0105cych w jej tworzeniu i utrzymaniu:<\/p>\n<\/div><\/div><\/div><div class=\"container\"><div class=\"row\"><div class=\"col-12 heading\">\n<h3 class=\"wp-block-heading\" id=\"proprietaires\">W\u0142a\u015bciciel<\/h3>\n<\/div><\/div><\/div><div class=\"container\"><div class=\"row\"><div class=\"col-12 paragraph\">\n<p><strong>MICROSTEEL-CIMD<\/strong><br\/>3 rue du Plessis<br\/>35770 Vern-sur-Seiche<br\/>Tel.: +33 2 99 62 13 25<\/p>\n<\/div><\/div><\/div><div class=\"container\"><div class=\"row\"><div class=\"col-12 listing\">\n<ul class=\"wp-block-list\">\n<li>Forma prawna: SASU (Jednoosobowa sp\u00f3\u0142ka akcyjna)<\/li>\n\n\n\n<li>Kapita\u0142 zak\u0142adowy: 1 332 606 \u20ac<\/li>\n\n\n\n<li>Nr SIRET: 31261062900023<\/li>\n\n\n\n<li>Kod NAF \/ APE: Odlewnictwo stali (2452Z)<\/li>\n\n\n\n<li>Numer VAT UE: FR09312610629<\/li>\n\n\n\n<li>Odpowiedzialny za publikacj\u0119: Didier Chaboche<\/li>\n<\/ul>\n<\/div><\/div><\/div><div class=\"container\"><div class=\"row\"><div class=\"col-12 heading\">\n<h3 class=\"wp-block-heading\" id=\"creation-du-site\">Tworzenie strony<\/h3>\n<\/div><\/div><\/div><div class=\"container\"><div class=\"row\"><div class=\"col-12 paragraph\">\n<p><strong>Agencja komunikacji B17<\/strong><br\/>19, rue du Lieutenant Aug\u00e9<br\/>44230 Saint-S\u00e9bastien-sur-Loire<br\/><strong>Tel<\/strong>.: +33 2 40 89 78 74<\/p>\n<\/div><\/div><\/div><div class=\"container\"><div class=\"row\"><div class=\"col-12 heading\">\n<h3 class=\"wp-block-heading\" id=\"hebergement\">Hosting<\/h3>\n<\/div><\/div><\/div><div class=\"container\"><div class=\"row\"><div class=\"col-12 paragraph\">\n<p><strong>OVH<\/strong><br\/>2 rue Kellermann<br\/>59100 Roubaix<br\/><strong>T\u00e9l.<\/strong> 1007<\/p>\n<\/div><\/div><\/div><div class=\"container\"><div class=\"row\"><div class=\"col-12 heading\">\n<h3 class=\"wp-block-heading\" id=\"credits-photographiques\">Prawa do zdj\u0119\u0107<\/h3>\n<\/div><\/div><\/div><div class=\"container\"><div class=\"row\"><div class=\"col-12 paragraph\">\n<p><strong>Shutterstock \u2013 MICROSTEEL<\/strong><\/p>\n<\/div><\/div><\/div><div class=\"container\"><div class=\"row\"><div class=\"col-12 heading\">\n<h2 class=\"wp-block-heading\" id=\"2-conditions-generales-d-utilisation-du-site-et-des-services-proposes\">2. Og\u00f3lne warunki korzystania ze strony i oferowanych us\u0142ug<\/h2>\n<\/div><\/div><\/div><div class=\"container\"><div class=\"row\"><div class=\"col-12 paragraph\">\n<p>Korzystanie ze strony sp\u00f3\u0142ki MICROSTEEL oznacza pe\u0142n\u0105 i bezwarunkow\u0105 akceptacj\u0119 niniejszych og\u00f3lnych warunk\u00f3w u\u017cytkowania. Warunki te mog\u0105 by\u0107 w ka\u017cdej chwili zmieniane lub uzupe\u0142niane, dlatego u\u017cytkownicy strony MICROSTEEL s\u0105 proszeni o ich regularne sprawdzanie.<br\/>Strona jest zasadniczo dost\u0119pna dla u\u017cytkownik\u00f3w w ka\u017cdym czasie. Sp\u00f3\u0142ka MICROSTEEL mo\u017ce jednak zdecydowa\u0107 o przerwie technicznej zwi\u0105zanej z konserwacj\u0105, staraj\u0105c si\u0119 w\u00f3wczas poinformowa\u0107 u\u017cytkownik\u00f3w z wyprzedzeniem o dacie i godzinach interwencji.<br\/>Strona MICROSTEEL jest regularnie aktualizowana przez sp\u00f3\u0142k\u0119 MICROSTEEL. Podobnie informacje prawne mog\u0105 by\u0107 w ka\u017cdej chwili zmienione  <br\/><strong>pozostaj\u0105 one jednak wi\u0105\u017c\u0105ce dla u\u017cytkownika,<\/strong> kt\u00f3ry jest zach\u0119cany do cz\u0119stego zapoznawania si\u0119 z ich tre\u015bci\u0105.<\/p>\n<\/div><\/div><\/div><div class=\"container\"><div class=\"row\"><div class=\"col-12 heading\">\n<h2 class=\"wp-block-heading\" id=\"3-description-des-services-fournis\">3. Opis \u015bwiadczonych us\u0142ug<\/h2>\n<\/div><\/div><\/div><div class=\"container\"><div class=\"row\"><div class=\"col-12 paragraph\">\n<p>Strona sp\u00f3\u0142ki MICROSTEEL ma na celu dostarczanie informacji dotycz\u0105cych ca\u0142okszta\u0142tu dzia\u0142alno\u015bci firmy.<br\/>Sp\u00f3\u0142ka MICROSTEEL dok\u0142ada stara\u0144, aby informacje zamieszczone na stronie by\u0142y jak najbardziej precyzyjne. Nie mo\u017ce jednak ponosi\u0107 odpowiedzialno\u015bci za pomini\u0119cia, nie\u015bcis\u0142o\u015bci lub braki w aktualizacji, niezale\u017cnie od tego, czy wynikaj\u0105 one z jej winy, czy z dzia\u0142a\u0144 partner\u00f3w zewn\u0119trznych dostarczaj\u0105cych informacje. <\/p>\n<\/div><\/div><\/div><div class=\"container\"><div class=\"row\"><div class=\"col-12 paragraph\">\n<p>Wszystkie informacje zamieszczone na stronie MICROSTEEL maj\u0105 charakter informacyjny i mog\u0105 ulega\u0107 zmianom. Ponadto informacje te nie s\u0105 wyczerpuj\u0105ce i s\u0105 podawane z zastrze\u017ceniem zmian, kt\u00f3re mog\u0142y zosta\u0107 wprowadzone od momentu ich publikacji.  <\/p>\n<\/div><\/div><\/div><div class=\"container\"><div class=\"row\"><div class=\"col-12 heading\">\n<h2 class=\"wp-block-heading\" id=\"4-limitations-contractuelles-sur-les-donnees-techniques\">4. Ograniczenia odpowiedzialno\u015bci dotycz\u0105ce danych technicznych<\/h2>\n<\/div><\/div><\/div><div class=\"container\"><div class=\"row\"><div class=\"col-12 paragraph\">\n<p>Strona wykorzystuje technologi\u0119 JavaScript.<br\/>Strona internetowa nie ponosi odpowiedzialno\u015bci za szkody materialne powsta\u0142e w wyniku korzystania z niej. Ponadto u\u017cytkownik zobowi\u0105zuje si\u0119 do korzystania ze strony przy u\u017cyciu aktualnego sprz\u0119tu, wolnego od wirus\u00f3w oraz z u\u017cyciem nowoczesnej, aktualnej przegl\u0105darki internetowej. <\/p>\n<\/div><\/div><\/div><div class=\"container\"><div class=\"row\"><div class=\"col-12 heading\">\n<h2 class=\"wp-block-heading\" id=\"5-propriete-intellectuelle-et-contrefacons\">5. W\u0142asno\u015b\u0107 intelektualna i naruszenia<\/h2>\n<\/div><\/div><\/div><div class=\"container\"><div class=\"row\"><div class=\"col-12 paragraph\">\n<p>Sp\u00f3\u0142ka MICROSTEEL jest w\u0142a\u015bcicielem praw w\u0142asno\u015bci intelektualnej lub posiada prawa do u\u017cytkowania wszystkich element\u00f3w dost\u0119pnych na stronie, w szczeg\u00f3lno\u015bci tekst\u00f3w, obraz\u00f3w, grafik, logo, ikon, d\u017awi\u0119k\u00f3w oraz oprogramowania.<br\/>Jakiekolwiek powielanie, prezentowanie, modyfikowanie, publikowanie lub adaptowanie ca\u0142o\u015bci lub cz\u0119\u015bci element\u00f3w strony, niezale\u017cnie od zastosowanych \u015brodk\u00f3w lub metod, jest zabronione bez uprzedniej pisemnej zgody sp\u00f3\u0142ki MICROSTEEL.<br\/>Ka\u017cde nieuprawnione wykorzystanie strony lub kt\u00f3regokolwiek z jej element\u00f3w b\u0119dzie uznane za naruszenie praw autorskich i b\u0119dzie \u015bcigane zgodnie z przepisami art. L.335-2 i kolejnymi Kodeksu W\u0142asno\u015bci Intelektualnej.<\/p>\n<\/div><\/div><\/div><div class=\"container\"><div class=\"row\"><div class=\"col-12 heading\">\n<h2 class=\"wp-block-heading\" id=\"6-limitations-de-responsabilite\">6. Ograniczenie odpowiedzialno\u015bci<\/h2>\n<\/div><\/div><\/div><div class=\"container\"><div class=\"row\"><div class=\"col-12 paragraph\">\n<p>Sp\u00f3\u0142ka MICROSTEEL nie ponosi odpowiedzialno\u015bci za szkody bezpo\u015brednie lub po\u015brednie wyrz\u0105dzone sprz\u0119towi u\u017cytkownika podczas korzystania ze strony, MICROSTEELMICROSTEEL z u\u017cycia sprz\u0119tu niespe\u0142niaj\u0105cego wymaga\u0144 okre\u015blonych w punkcie 4 lub z wyst\u0105pienia b\u0142\u0119du b\u0105d\u017a niezgodno\u015bci.<br\/>Sp\u00f3\u0142ka MICROSTEEL nie ponosi r\u00f3wnie\u017c odpowiedzialno\u015bci za szkody po\u015brednie (takie jak utrata rynku lub utrata szansy) wynikaj\u0105ce z korzystania ze strony.<\/p>\n<\/div><\/div><\/div><div class=\"container\"><div class=\"row\"><div class=\"col-12 paragraph\">\n<p>U\u017cytkownicy maj\u0105 dost\u0119p do przestrzeni interaktywnych (mo\u017cliwo\u015b\u0107 zadawania pyta\u0144 w formularzu kontaktowym). Sp\u00f3\u0142ka MICROSTEEL zastrzega sobie prawo do usuni\u0119cia, bez wcze\u015bniejszego wezwania, wszelkich tre\u015bci naruszaj\u0105cych obowi\u0105zuj\u0105ce we Francji przepisy prawa, w szczeg\u00f3lno\u015bci dotycz\u0105ce ochrony danych osobowych. W takim przypadku sp\u00f3\u0142ka MICROSTEEL zastrzega sobie r\u00f3wnie\u017c mo\u017cliwo\u015b\u0107 poci\u0105gni\u0119cia u\u017cytkownika do odpowiedzialno\u015bci cywilnej i\/lub karnej, w szczeg\u00f3lno\u015bci w razie zamieszczania tre\u015bci o charakterze rasistowskim, obra\u017aliwym, znies\u0142awiaj\u0105cym lub pornograficznym, niezale\u017cnie od formy (tekst, zdj\u0119cie itp.).  <\/p>\n<\/div><\/div><\/div><div class=\"container\"><div class=\"row\"><div class=\"col-12 heading\">\n<h2 class=\"wp-block-heading\" id=\"7-droit-applicable-et-attribution-de-juridiction\">7. Prawo w\u0142a\u015bciwe i jurysdykcja<\/h2>\n<\/div><\/div><\/div><div class=\"container\"><div class=\"row\"><div class=\"col-12 paragraph\">\n<p>Wszelkie spory zwi\u0105zane z korzystaniem ze strony sp\u00f3\u0142ki MICROSTEEL podlegaj\u0105 prawu francuskiemu. Wy\u0142\u0105cznie s\u0105dy w\u0142a\u015bciwe dla obszaru jurysdykcji S\u0105du Apelacyjnego siedziby sp\u00f3\u0142ki MICROSTEEL s\u0105 uprawnione do rozstrzygania ewentualnych spor\u00f3w zwi\u0105zanych z korzystaniem ze strony internetowej. <\/p>\n<\/div><\/div><\/div>","protected":false},"excerpt":{"rendered":"<p>1. Prezentacja strony internetowej Zgodnie z art. 6 ustawy nr 2004-575 z dnia 21 czerwca 2004 r. o zaufaniu do gospodarki cyfrowej, u\u017cytkownikom strony internetowej sp\u00f3\u0142ki podaje si\u0119 to\u017csamo\u015b\u0107 podmiot\u00f3w uczestnicz\u0105cych w jej tworzeniu i utrzymaniu: W\u0142a\u015bciciel MICROSTEEL-CIMD3 rue du Plessis35770 Vern-sur-SeicheTel.: +33 2 99 62 13 25 Tworzenie strony Agencja komunikacji B1719, rue du [&hellip;]<\/p>\n","protected":false},"author":2,"featured_media":0,"parent":0,"menu_order":0,"comment_status":"closed","ping_status":"closed","template":"page-rgpd.php","meta":{"_acf_changed":false,"footnotes":""},"class_list":["post-14929","page","type-page","status-publish","hentry"],"acf":[],"_links":{"self":[{"href":"https:\/\/www.microsteel.com\/pl\/wp-json\/wp\/v2\/pages\/14929","targetHints":{"allow":["GET"]}}],"collection":[{"href":"https:\/\/www.microsteel.com\/pl\/wp-json\/wp\/v2\/pages"}],"about":[{"href":"https:\/\/www.microsteel.com\/pl\/wp-json\/wp\/v2\/types\/page"}],"author":[{"embeddable":true,"href":"https:\/\/www.microsteel.com\/pl\/wp-json\/wp\/v2\/users\/2"}],"replies":[{"embeddable":true,"href":"https:\/\/www.microsteel.com\/pl\/wp-json\/wp\/v2\/comments?post=14929"}],"version-history":[{"count":1,"href":"https:\/\/www.microsteel.com\/pl\/wp-json\/wp\/v2\/pages\/14929\/revisions"}],"predecessor-version":[{"id":14930,"href":"https:\/\/www.microsteel.com\/pl\/wp-json\/wp\/v2\/pages\/14929\/revisions\/14930"}],"wp:attachment":[{"href":"https:\/\/www.microsteel.com\/pl\/wp-json\/wp\/v2\/media?parent=14929"}],"curies":[{"name":"wp","href":"https:\/\/api.w.org\/{rel}","templated":true}]}}