{"id":14923,"date":"2021-10-08T16:29:01","date_gmt":"2021-10-08T14:29:01","guid":{"rendered":"https:\/\/www.microsteel.com\/zarzadzanie-danymi-osobowymi\/"},"modified":"2026-01-27T16:18:52","modified_gmt":"2026-01-27T15:18:52","slug":"zarzadzanie-danymi-osobowymi","status":"publish","type":"page","link":"https:\/\/www.microsteel.com\/pl\/zarzadzanie-danymi-osobowymi\/","title":{"rendered":"Zarz\u0105dzanie danymi osobowymi"},"content":{"rendered":"<div class=\"container\"><div class=\"row\"><div class=\"col-12 heading\">\n<h2 class=\"wp-block-heading\" id=\"conditions-generales-d-utilisation-du-site-et-des-services-proposes\">Og\u00f3lne warunki korzystania ze strony internetowej i oferowanych us\u0142ug<\/h2>\n<\/div><\/div><\/div>\n\n<div class=\"container\"><div class=\"row\"><div class=\"col-12 paragraph\">\n<p>Informacje dotycz\u0105ce u\u017cytkownika, gromadzone za po\u015brednictwem strony https:\/\/www.microsteel.com<br> (zwanej dalej \u201eStron\u0105\u201d), takie jak m.in. adresy URL, za po\u015brednictwem kt\u00f3rych u\u017cytkownik uzyska\u0142 dost\u0119p do strony sp\u00f3\u0142ki MICROSTEEL, dostawca dost\u0119pu do Internetu u\u017cytkownika, adres protoko\u0142u internetowego (IP), dane kontaktowe oraz imi\u0119 i nazwisko u\u017cytkownika itp., s\u0105 przetwarzane przez sp\u00f3\u0142k\u0119 MICROSTEEL, b\u0119d\u0105c\u0105 administratorem danych, w celu umo\u017cliwienia korzystania ze Strony, obs\u0142ugi zapyta\u0144 informacyjnych oraz \u2013 w razie potrzeby \u2013 \u015bwiadczenia niekt\u00f3rych us\u0142ug oferowanych przez sp\u00f3\u0142k\u0119 MICROSTEEL. Przetwarzanie to odbywa si\u0119 na podstawie prawnie uzasadnionego interesu sp\u00f3\u0142ki MICROSTEEL, zwi\u0105zanego z zarz\u0105dzaniem relacjami z klientami i potencjalnymi klientami. <\/p>\n<\/div><\/div><\/div>\n\n<div class=\"container\"><div class=\"row\"><div class=\"col-12 paragraph\">\n<p>Informacje oznaczone gwiazdk\u0105 w formularzach s\u0105 obowi\u0105zkowe do rozpatrzenia zapyta\u0144 u\u017cytkownik\u00f3w. W przypadku ich niepodania, zapytanie nie b\u0119dzie mog\u0142o zosta\u0107 uwzgl\u0119dnione. <\/p>\n<\/div><\/div><\/div>\n\n<div class=\"container\"><div class=\"row\"><div class=\"col-12 paragraph\">\n<p>Dane s\u0105 przekazywane wy\u0142\u0105cznie wewn\u0119trznie w ramach sp\u00f3\u0142ki MICROSTEEL do dzia\u0142u obs\u0142ugi klienta, dzia\u0142u marketingu\/handlu oraz dzia\u0142u komunikacji.<\/p>\n<\/div><\/div><\/div>\n\n<div class=\"container\"><div class=\"row\"><div class=\"col-12 paragraph\">\n<p>Dane mog\u0105 by\u0107 r\u00f3wnie\u017c udost\u0119pniane podmiotom przetwarzaj\u0105cym dzia\u0142aj\u0105cym na zlecenie sp\u00f3\u0142ki MICROSTEEL (w szczeg\u00f3lno\u015bci w celach hostingu strony internetowej). Podmioty te dzia\u0142aj\u0105 wy\u0142\u0105cznie zgodnie z instrukcjami sp\u00f3\u0142ki MICROSTEEL i s\u0105 zobowi\u0105zane do wdro\u017cenia odpowiednich \u015brodk\u00f3w ochrony danych osobowych. <\/p>\n<\/div><\/div><\/div>\n\n<div class=\"container\"><div class=\"row\"><div class=\"col-12 paragraph\">\n<p>Dane osobowe u\u017cytkownika b\u0119d\u0105 przechowywane maksymalnie:<\/p>\n<\/div><\/div><\/div>\n\n<div class=\"container\"><div class=\"row\"><div class=\"col-12 listing\">\n<ul class=\"wp-block-list\">\n<li>przez okres 3 lat od daty ich zebrania, je\u017celi nie dojdzie do zawarcia umowy;<\/li>\n\n\n\n<li>w przypadku zawarcia umowy lub z\u0142o\u017cenia zam\u00f3wienia \u2013 przez ca\u0142y okres trwania umowy, a nast\u0119pnie archiwizowane przez okres odpowiadaj\u0105cy ewentualnemu okresowi gwarancji oraz obowi\u0105zuj\u0105cemu terminowi przedawnienia roszcze\u0144 (w wi\u0119kszo\u015bci przypadk\u00f3w 5 lat);<\/li>\n\n\n\n<li>przez okres 6 miesi\u0119cy od momentu ich zapisania \u2013 w odniesieniu do plik\u00f3w cookies.<\/li>\n<\/ul>\n<\/div><\/div><\/div>\n\n<div class=\"container\"><div class=\"row\"><div class=\"col-12 paragraph\">\n<p>Zgodnie z obowi\u0105zuj\u0105cymi przepisami o ochronie danych osobowych u\u017cytkownikowi przys\u0142uguj\u0105:<\/p>\n<\/div><\/div><\/div>\n\n<div class=\"container\"><div class=\"row\"><div class=\"col-12 listing\">\n<ul class=\"wp-block-list\">\n<li>prawo do ograniczenia przetwarzania, usuni\u0119cia danych oraz wniesienia sprzeciwu wobec przetwarzania z uzasadnionych powod\u00f3w;<\/li>\n\n\n\n<li>mo\u017cliwo\u015b\u0107 przekazania sp\u00f3\u0142ce MICROSTEEL dyspozycji dotycz\u0105cych post\u0119powania z jego danymi (przechowywanie, usuni\u0119cie, przekazanie osobie trzeciej itp.) na wypadek \u015bmierci.<\/li>\n\n\n\n<li>mo\u017cliwo\u015b\u0107 przekazania sp\u00f3\u0142ce MICROSTEEL dyspozycji dotycz\u0105cych post\u0119powania z jego danymi (przechowywanie, usuni\u0119cie, przekazanie osobie trzeciej itp.) na wypadek \u015bmierci.<\/li>\n<\/ul>\n<\/div><\/div><\/div>\n\n<div class=\"container\"><div class=\"row\"><div class=\"col-12 paragraph\">\n<p>Prawa te mo\u017cna realizowa\u0107, kontaktuj\u0105c si\u0119 pod adresem e-mail: l.lacombe@microsteel.com<\/p>\n<\/div><\/div><\/div>\n\n<div class=\"container\"><div class=\"row\"><div class=\"col-12 paragraph\">\n<p>U\u017cytkownik jest jednak informowany, \u017ce wniesienie sprzeciwu wobec przetwarzania danych mo\u017ce \u2013 w praktyce i w zale\u017cno\u015bci od sytuacji \u2013 wp\u0142yn\u0105\u0107 na mo\u017cliwo\u015b\u0107 rozpatrzenia zapytania informacyjnego lub korzystania z us\u0142ug oferowanych na Stronie.<\/p>\n<\/div><\/div><\/div>\n\n<div class=\"container\"><div class=\"row\"><div class=\"col-12 paragraph\">\n<p>U\u017cytkownik ma r\u00f3wnie\u017c prawo wniesienia skargi do krajowego organu nadzorczego, takiego jak Komisja Narodowa ds. Informatyki i Wolno\u015bci (CNIL), w przypadku naruszenia przepis\u00f3w dotycz\u0105cych ochrony danych osobowych, w szczeg\u00f3lno\u015bci rozporz\u0105dzenia Parlamentu Europejskiego i Rady (UE) nr 2016\/679.<\/p>\n<\/div><\/div><\/div>\n\n<div class=\"container\"><div class=\"row\"><div class=\"col-12 heading\">\n<h2 class=\"wp-block-heading\" id=\"liens-hypertextes-et-cookies\">Linki hipertekstowe i pliki cookies<\/h2>\n<\/div><\/div><\/div>\n\n<div class=\"container\"><div class=\"row\"><div class=\"col-12 paragraph\">\n<p>Strona sp\u00f3\u0142ki MICROSTEEL zawiera pewn\u0105 liczb\u0119 link\u00f3w hipertekstowych prowadz\u0105cych do innych stron internetowych, umieszczonych za zgod\u0105 sp\u00f3\u0142ki MICROSTEEL. Sp\u00f3\u0142ka MICROSTEEL nie ma jednak mo\u017cliwo\u015bci weryfikacji tre\u015bci odwiedzanych w ten spos\u00f3b stron i w zwi\u0105zku z tym nie ponosi za nie odpowiedzialno\u015bci.<\/p>\n<\/div><\/div><\/div>\n\n<div class=\"container\"><div class=\"row\"><div class=\"col-12 paragraph\">\n<p>Podczas przegl\u0105dania strony https:\/\/www.microsteel.com<br> (zwanej dalej \u201eStron\u0105\u201d) pewne informacje dotycz\u0105ce nawigacji mog\u0105 by\u0107 zapisywane w plikach \u201ecookies\u201d instalowanych na urz\u0105dzeniu u\u017cytkownika (komputerze, tablecie, telefonie kom\u00f3rkowym lub innym urz\u0105dzeniu z dost\u0119pem do Internetu).<\/p>\n<\/div><\/div><\/div>\n\n<div class=\"container\"><div class=\"row\"><div class=\"col-12 paragraph\">\n<p>Pliki cookies s\u0105 zapisywane przez sp\u00f3\u0142k\u0119 MICROSTEEL w celu u\u0142atwienia korzystania ze Strony oraz w celach statystycznych (pomiaru ogl\u0105dalno\u015bci).<\/p>\n<\/div><\/div><\/div>\n\n<div class=\"container\"><div class=\"row\"><div class=\"col-12 paragraph\">\n<p>Niniejsza sekcja wyja\u015bnia, czym s\u0105 pliki cookies, jaka jest ich rola oraz jak mo\u017cna nimi zarz\u0105dza\u0107.<\/p>\n<\/div><\/div><\/div>\n\n<div class=\"container\"><div class=\"row\"><div class=\"col-12 heading\">\n<h3 class=\"wp-block-heading\" id=\"qu-est-ce-qu-un-cookie\">Czym jest plik cookie?<\/h3>\n<\/div><\/div><\/div>\n\n<div class=\"container\"><div class=\"row\"><div class=\"col-12 paragraph\">\n<p>Plik cookie to plik tekstowy zapisywany \u2013 za po\u015brednictwem przegl\u0105darki internetowej \u2013 w wydzielonym obszarze pami\u0119ci urz\u0105dzenia u\u017cytkownika podczas odwiedzania strony internetowej lub wy\u015bwietlania reklamy. Zawiera on r\u00f3\u017cne dane, takie jak nazwa serwera, kt\u00f3ry go zapisa\u0142 (serwer odwiedzanej strony), unikalny identyfikator numeryczny oraz ewentualnie dat\u0119 wyga\u015bni\u0119cia. <\/p>\n<\/div><\/div><\/div>\n\n<div class=\"container\"><div class=\"row\"><div class=\"col-12 paragraph\">\n<p>Pliki cookies umo\u017cliwiaj\u0105 ich wystawcy rozpoznanie urz\u0105dzenia u\u017cytkownika oraz gromadzenie informacji dotycz\u0105cych jego aktywno\u015bci na stronach internetowych.<\/p>\n<\/div><\/div><\/div>\n\n<div class=\"container\"><div class=\"row\"><div class=\"col-12 heading\">\n<h3 class=\"wp-block-heading\" id=\"les-cookies-emis-sur-ce-site\">Pliki cookies stosowane na Stronie<\/h3>\n<\/div><\/div><\/div>\n\n<div class=\"container\"><div class=\"row\"><div class=\"col-12 paragraph\">\n<p>Cookies niezb\u0119dne do funkcjonowania Strony: umo\u017cliwiaj\u0105 zapami\u0119tywanie informacji wprowadzanych w formularzach, zarz\u0105dzanie i zabezpieczanie dost\u0119pu do obszar\u00f3w zastrze\u017conych (rejestracja, dost\u0119p do konta, zam\u00f3wione us\u0142ugi, zawarto\u015b\u0107 koszyka itp.).<\/p>\n<\/div><\/div><\/div>\n\n<div class=\"container\"><div class=\"row\"><div class=\"col-12 paragraph\">\n<p>Cookies funkcjonalne: pozwalaj\u0105 dostosowa\u0107 wygl\u0105d Strony do preferencji u\u017cytkownika (j\u0119zyk, rozdzielczo\u015b\u0107 ekranu itp.) i spersonalizowa\u0107 dost\u0119p do Strony.<\/p>\n<\/div><\/div><\/div>\n\n<div class=\"container\"><div class=\"row\"><div class=\"col-12 paragraph\">\n<p>Cookies analityczne (cookies pomiaru ogl\u0105dalno\u015bci): anonimowo zbieraj\u0105 dane o ruchu na stronie (liczba wizyt, ods\u0142on itp.) oraz o sposobie korzystania z jej element\u00f3w (odwiedzane sekcje i podstrony), umo\u017cliwiaj\u0105c sp\u00f3\u0142ce MICROSTEEL monitorowanie i popraw\u0119 jako\u015bci us\u0142ug.<\/p>\n<\/div><\/div><\/div>\n\n<div class=\"container\"><div class=\"row\"><div class=\"col-12 paragraph\">\n<p>Cookies spo\u0142eczno\u015bciowe: umo\u017cliwiaj\u0105 interakcj\u0119 z modu\u0142ami spo\u0142eczno\u015bciowymi na Stronie (Facebook, Twitter itp.).<\/p>\n<\/div><\/div><\/div>\n\n<div class=\"container\"><div class=\"row\"><div class=\"col-12 paragraph\">\n<p>Cookies marketingowe \/ retargetingowe: pozwalaj\u0105 dostosowa\u0107 tre\u015bci do preferencji u\u017cytkownika i \u2013 w razie potrzeby \u2013 proponowa\u0107 produkty i us\u0142ugi, kt\u00f3re mog\u0105 go zainteresowa\u0107. Niekt\u00f3re pliki cookies podmiot\u00f3w trzecich mog\u0105 by\u0107 instalowane za po\u015brednictwem zaufanych partner\u00f3w handlowych, aby prezentowa\u0107 oferty powi\u0105zane z innymi stronami internetowymi. <\/p>\n<\/div><\/div><\/div>\n\n<div class=\"container\"><div class=\"row\"><div class=\"col-12 heading\">\n<h3 class=\"wp-block-heading\" id=\"la-gestion-de-vos-cookies\">Zarz\u0105dzanie plikami cookies<\/h3>\n<\/div><\/div><\/div>\n\n<div class=\"container\"><div class=\"row\"><div class=\"col-12 paragraph\">\n<p>U\u017cytkownik mo\u017ce kontrolowa\u0107 i zarz\u0105dza\u0107 instalacj\u0105 plik\u00f3w cookies na swoim urz\u0105dzeniu poprzez ustawienia przegl\u0105darki internetowej.<\/p>\n<\/div><\/div><\/div>\n\n<div class=\"container\"><div class=\"row\"><div class=\"col-12 paragraph\">\n<p>Mo\u017cliwe jest skonfigurowanie przegl\u0105darki w taki spos\u00f3b, aby akceptowa\u0142a lub odrzuca\u0142a wszystkie pliki cookies \u2013 automatycznie lub w zale\u017cno\u015bci od ich wystawcy. U\u017cytkownik mo\u017ce tak\u017ce ustawi\u0107 powiadomienia o zapisywaniu plik\u00f3w cookies na jego urz\u0105dzeniu. <\/p>\n<\/div><\/div><\/div>\n\n<div class=\"container\"><div class=\"row\"><div class=\"col-12 paragraph\">\n<p>Aby uzyska\u0107 wi\u0119ksz\u0105 kontrol\u0119 nad zarz\u0105dzaniem cookies, mo\u017cna skonfigurowa\u0107 przegl\u0105dark\u0119 tak, aby ka\u017cdorazowo przed zapisaniem pliku cookie u\u017cytkownikowi by\u0142a przedstawiana opcja jego akceptacji lub odrzucenia.<\/p>\n<\/div><\/div><\/div>\n\n<div class=\"container\"><div class=\"row\"><div class=\"col-12 paragraph\">\n<p>Zaleca si\u0119 dostosowanie ustawie\u0144 przegl\u0105darki do w\u0142asnych preferencji, z uwzgl\u0119dnieniem celu stosowania plik\u00f3w cookies. Szczeg\u00f3\u0142owe informacje dotycz\u0105ce konfiguracji cookies dla najcz\u0119\u015bciej u\u017cywanych przegl\u0105darek:<\/p>\n<\/div><\/div><\/div>\n\n<div class=\"container\"><div class=\"row\"><div class=\"col-12 paragraph\">\n<p>Szczeg\u00f3\u0142owe informacje dotycz\u0105ce konfiguracji cookies dla najcz\u0119\u015bciej u\u017cywanych przegl\u0105darek: <\/p>\n<\/div><\/div><\/div>\n\n<div class=\"container\"><div class=\"row\"><div class=\"col-12 listing\">\n<ul class=\"wp-block-list\">\n<li><a href=\"https:\/\/support.microsoft.com\/fr-fr\/topic\/comment-supprimer-des-fichiers-cookies-dans-internet-explorer-bca9446f-d873-78de-77ba-d42645fa52fc\" target=\"_blank\" rel=\"noreferrer noopener\">Internet Explorer<\/a><\/li>\n\n\n\n<li><a href=\"https:\/\/support.google.com\/chrome\/answer\/95647?hl=fr\" target=\"_blank\" rel=\"noreferrer noopener\">Chrome<\/a><\/li>\n\n\n\n<li><a href=\"https:\/\/support.mozilla.org\/fr\/kb\/activer-desactiver-cookies-preferences\" target=\"_blank\" rel=\"noreferrer noopener\">Firefox<\/a><\/li>\n\n\n\n<li><a href=\"https:\/\/support.apple.com\/fr-fr\/guide\/safari\/sfri11471\/mac\" target=\"_blank\" rel=\"noreferrer noopener\">Safari<\/a><\/li>\n\n\n\n<li><a href=\"https:\/\/www.opera.com\/fr\/use-cases\/clean-browser-and-remove-trackers\" target=\"_blank\" rel=\"noreferrer noopener\">Opera<\/a><\/li>\n<\/ul>\n<\/div><\/div><\/div>\n\n<div class=\"container\"><div class=\"row\"><div class=\"col-12 paragraph\">\n<p>Mo\u017cna r\u00f3wnie\u017c skorzysta\u0107 z menu \u201ePomoc\u201d w przegl\u0105darce, aby dowiedzie\u0107 si\u0119, jak zmieni\u0107 ustawienia dotycz\u0105ce plik\u00f3w cookies.<\/p>\n<\/div><\/div><\/div>\n\n<div class=\"container\"><div class=\"row\"><div class=\"col-12 paragraph\">\n<p>Nale\u017cy pami\u0119ta\u0107, \u017ce zmiana ustawie\u0144 cookies mo\u017ce wp\u0142yn\u0105\u0107 na komfort korzystania z Internetu oraz \u2013 w szczeg\u00f3lno\u015bci \u2013 na dost\u0119p do niekt\u00f3rych us\u0142ug Strony, kt\u00f3re wymagaj\u0105 u\u017cycia plik\u00f3w cookies. W razie potrzeby u\u017cytkownik mo\u017ce w ka\u017cdej chwili zmieni\u0107 swoje preferencje dotycz\u0105ce cookies i przywr\u00f3ci\u0107 wcze\u015bniejsze ustawienia. <\/p>\n<\/div><\/div><\/div>","protected":false},"excerpt":{"rendered":"<p>Og\u00f3lne warunki korzystania ze strony internetowej i oferowanych us\u0142ug Informacje dotycz\u0105ce u\u017cytkownika, gromadzone za po\u015brednictwem strony (zwanej dalej \u201eStron\u0105\u201d), takie jak m.in. adresy URL, za po\u015brednictwem kt\u00f3rych u\u017cytkownik uzyska\u0142 dost\u0119p do strony sp\u00f3\u0142ki , dostawca dost\u0119pu do Internetu u\u017cytkownika, adres protoko\u0142u internetowego (IP), dane kontaktowe oraz imi\u0119 i nazwisko u\u017cytkownika itp., s\u0105 przetwarzane przez sp\u00f3\u0142k\u0119 [&hellip;]<\/p>\n","protected":false},"author":2,"featured_media":0,"parent":0,"menu_order":0,"comment_status":"closed","ping_status":"closed","template":"page-rgpd.php","meta":{"_acf_changed":false,"footnotes":""},"class_list":["post-14923","page","type-page","status-publish","hentry"],"acf":[],"_links":{"self":[{"href":"https:\/\/www.microsteel.com\/pl\/wp-json\/wp\/v2\/pages\/14923","targetHints":{"allow":["GET"]}}],"collection":[{"href":"https:\/\/www.microsteel.com\/pl\/wp-json\/wp\/v2\/pages"}],"about":[{"href":"https:\/\/www.microsteel.com\/pl\/wp-json\/wp\/v2\/types\/page"}],"author":[{"embeddable":true,"href":"https:\/\/www.microsteel.com\/pl\/wp-json\/wp\/v2\/users\/2"}],"replies":[{"embeddable":true,"href":"https:\/\/www.microsteel.com\/pl\/wp-json\/wp\/v2\/comments?post=14923"}],"version-history":[{"count":3,"href":"https:\/\/www.microsteel.com\/pl\/wp-json\/wp\/v2\/pages\/14923\/revisions"}],"predecessor-version":[{"id":15078,"href":"https:\/\/www.microsteel.com\/pl\/wp-json\/wp\/v2\/pages\/14923\/revisions\/15078"}],"wp:attachment":[{"href":"https:\/\/www.microsteel.com\/pl\/wp-json\/wp\/v2\/media?parent=14923"}],"curies":[{"name":"wp","href":"https:\/\/api.w.org\/{rel}","templated":true}]}}