{"id":989,"date":"2021-11-16T11:34:00","date_gmt":"2021-11-16T10:34:00","guid":{"rendered":"https:\/\/www.microsteel.com\/?page_id=989"},"modified":"2026-01-26T09:25:51","modified_gmt":"2026-01-26T08:25:51","slug":"quality-sets-the-tone","status":"publish","type":"page","link":"https:\/\/www.microsteel.com\/en\/quality-sets-the-tone\/","title":{"rendered":"Quality sets the tone"},"content":{"rendered":"<div class=\"container\"><div class=\"row\"><div class=\"col-12 paragraph\">\n<p>Since MICROSTEEL entered the medical market in 2020, it has gone all out to gain ISO 13485-2016 certification, making it the first high precision foundry to be awarded both the aeronautics and medical certifications.<\/p>\n<\/div><\/div><\/div>\n\n<div class=\"container\"><div class=\"row\"><div class=\"col-12 heading\">\n<h2 class=\"wp-block-heading\">Dual aeronautics and medical certification<\/h2>\n<\/div><\/div><\/div>\n\n\n<div class=\"leftrightmedia customcontainer row medialeft align-items-center justify-content-center \">\n\t<div class=\"col-12 mediacontent col-xxl-8 col-xl-6 order-1\">\n\t\t<img decoding=\"async\" src=\"https:\/\/www.microsteel.com\/wp-content\/uploads\/microsteel-certifications-2025.jpg\" alt=\"\" class=\"img-fluid\">\t<\/div>\n\t<div class=\"col-11 desccontent bg-lightgrey col-xxl-4 col-xl-6 order-2\">\n\t\t<h3>Our certifications<\/h3>\n<ul>\n<li><a href=\"https:\/\/www.microsteel.com\/wp-content\/uploads\/ISO-9001-C703446-1-en-US-20250320.pdf\" target=\"_blank\" rel=\"noopener\">ISO 9001<\/a><\/li>\n<li><a href=\"https:\/\/www.microsteel.com\/wp-content\/uploads\/ISO-13485-C660590-0-en-US-20240404-20240411064915.pdf\" target=\"_blank\" rel=\"nofollow noopener\">ISO 13485:2016<\/a><\/li>\n<li><a href=\"https:\/\/www.microsteel.com\/wp-content\/uploads\/EN_9100-ENG-C703447-2-20251024.pdf\" target=\"_blank\" rel=\"noopener\">EN 9100 (quality management system for the aerospace industry)<\/a><\/li>\n<li><a href=\"\/wp-content\/uploads\/Certificate-Nadcap-Aerospace-NonDestructive-Testing-audit-209033.pdf\" target=\"_blank\" rel=\"nofollow noopener\">Penetrant and x-ray inspection NADCAP accreditation<\/a><\/li>\n<li>Inspection systems: N2 and N3 certified x-ray and penetrant inspection<\/li>\n<\/ul>\n\n\t\t\t<\/div>\n<\/div>\n\n\n\n\n<div class=\"container\"><div class=\"row\"><div class=\"col-12 paragraph\">\n<p><\/p>\n<\/div><\/div><\/div>\n\n<div class=\"container\"><div class=\"row\"><div class=\"col-12 heading\">\n<h3 class=\"wp-block-heading\">Customer qualifications<\/h3>\n<\/div><\/div><\/div>\n\n<div class=\"container\"><div class=\"row\"><div class=\"col-12 listing\">\n<ul class=\"wp-block-list\">\n<li>LIEBHERR AEROSPACE<\/li>\n\n\n\n<li>SAFRAN<\/li>\n\n\n\n<li>AIRBUS<\/li>\n\n\n\n<li>GE<\/li>\n\n\n\n<li>COLLINS<\/li>\n<\/ul>\n<\/div><\/div><\/div>\n\n<div class=\"container\"><div class=\"row\"><div class=\"col-12 heading\">\n<h2 class=\"wp-block-heading\">Innovation lies at the heart of our development policy<\/h2>\n<\/div><\/div><\/div>\n\n<div class=\"container\"><div class=\"row\"><div class=\"col-12 paragraph\">\n<p>Looking forward to changes in our constantly evolving markets, MICROSTEEL is engaged in a continuous improvement process and places innovation at the heart of its development policy.<\/p>\n<\/div><\/div><\/div>\n\n<div class=\"container\"><div class=\"row\"><div class=\"col-12 paragraph\">\n<p>We commit all the means and resources we need to successfully implement this improvement process, making sure we involve all our stakeholders. We therefore rely on our experience on the one hand, and on our 3D design and digital simulation tools on the other.<\/p>\n<\/div><\/div><\/div>\n\n<div class=\"container\"><div class=\"row\"><div class=\"col-12 paragraph\">\n<p>Our R&amp;D activities also help us to enhance our theoretical and practical knowledge in the field of metallurgy.<\/p>\n<\/div><\/div><\/div>\n\n<div class=\"container\"><div class=\"row\"><div class=\"col-12 paragraph\">\n<p>Our innovation-based approach is supported by:<\/p>\n<\/div><\/div><\/div>\n\n<div class=\"container\"><div class=\"row\"><div class=\"col-12 listing\">\n<ul class=\"wp-block-list\">\n<li>Our technical and financial steering committee<\/li>\n\n\n\n<li>Project managers<\/li>\n\n\n\n<li>Process technicians<\/li>\n\n\n\n<li>A metallurgy expert<\/li>\n\n\n\n<li>Our quality department<\/li>\n<\/ul>\n<\/div><\/div><\/div>\n\n<div class=\"container\"><div class=\"row\"><div class=\"col-12 paragraph\">\n<p>Thanks to our many partnerships, MICROSTEEL is able to develop and introduce industrial troubleshooting and experimental development resources for new applications.<\/p>\n<\/div><\/div><\/div>\n\n<div class=\"container\"><div class=\"row\"><div class=\"col-12 paragraph\">\n<p>Our partners include:<\/p>\n<\/div><\/div><\/div>\n\n<div class=\"container\"><div class=\"row\"><div class=\"col-12 listing\">\n<ul class=\"wp-block-list\">\n<li>Centre Technique des Industries de la Fonderie (CTIF)<\/li>\n\n\n\n<li>Centre de Transfert de Technologies C\u00e9ramiques (CTTC) \u2013 Limoges<\/li>\n\n\n\n<li>P\u00f4le Europ\u00e9en de la C\u00e9ramique \u2013 Limoges<\/li>\n\n\n\n<li>INSA \u2013 Rennes<\/li>\n\n\n\n<li>Armines \u2013 Paris<\/li>\n\n\n\n<li>University of Angers<\/li>\n\n\n\n<li>ECAM Rennes \u2013 Louis de Broglie<\/li>\n<\/ul>\n<\/div><\/div><\/div>\n\n<div class=\"container\"><div class=\"row\"><div class=\"col-12 paragraph\">\n<p><\/p>\n<\/div><\/div><\/div>\n\n<div class=\"container\"><div class=\"row\"><div class=\"col-12 paragraph\">\n<p><\/p>\n<\/div><\/div><\/div>\n\n\n\n\n\n\n<div class=\"blocsecteur\" style=\"background-image : url(https:\/\/www.microsteel.com\/wp-content\/uploads\/Accueil-1900x850-1.jpg);\">\n\t<div class=\"container text-center pt-5\">\n\t\t<div class=\"introsecteur\">\n\t\t\t<h2>Nos secteurs d&#8217;application<\/h2>\n\t\t\t\t\t<\/div>\n\t<\/div>\n\t<div class=\"customcontainer\">\n\t  <div class=\"remonteesecteur\">\n\t    \t      <div class=\"item px-3 py-5\">\n\t        <div class=\"shadow prelative bg-lightgrey\">\n\t        <h3> Investment casting<\/h3>\n\t\t\t              <p>MICROSTEEL, a hard metal machining specialist company (Alacrite, Inconel\u00ae, Titanium), relies on its dedicated workshop for all types of machining operations for the finishing of investment or centrifugal cast metal parts.<\/p>\n\t\t\t              <a class=\"btn bg-red reverse absolutebottom\" href=\"https:\/\/www.microsteel.com\/en\/expertise\/investment-casting\/\" title=\"Investment casting\">Browse +<\/a>\n\t      <\/div>\n\t      <\/div>\n\t      \t      <div class=\"item px-3 py-5\">\n\t        <div class=\"shadow prelative bg-lightgrey\">\n\t        <h3> Centrifugal casting<\/h3>\n\t\t\t              <p>In 1994, MICROSTEEL &#8211; historically an investment casting expert &#8211; expanded its casting area of expertise with centrifugal casting.<\/p>\n\t\t\t              <a class=\"btn bg-red reverse absolutebottom\" href=\"https:\/\/www.microsteel.com\/en\/expertise\/centrifugal-casting\/\" title=\"Centrifugal casting\">Browse +<\/a>\n\t      <\/div>\n\t      <\/div>\n\t      \t      <div class=\"item px-3 py-5\">\n\t        <div class=\"shadow prelative bg-lightgrey\">\n\t        <h3> Machining<\/h3>\n\t\t\t              <p>MICROSTEEL, a hard metal machining specialist company (Alacrite, Inconel\u00ae, Titanium), relies on its dedicated workshop for all types of machining operations for the finishing of investment or centrifugal cast metal parts.<\/p>\n\t\t\t              <a class=\"btn bg-red reverse absolutebottom\" href=\"https:\/\/www.microsteel.com\/en\/expertise\/machining\/\" title=\"Machining\">Browse +<\/a>\n\t      <\/div>\n\t      <\/div>\n\t      \t  <\/div>\n\t<\/div>\n<\/div>\n\n\n\n","protected":false},"excerpt":{"rendered":"<p>Since MICROSTEEL entered the medical market in 2020, it has gone all out to gain ISO 13485-2016 certification, making it the first high precision foundry to be awarded both the aeronautics and medical certifications. Dual aeronautics and medical certification Customer qualifications Innovation lies at the heart of our development policy Looking forward to changes in [&hellip;]<\/p>\n","protected":false},"author":2,"featured_media":0,"parent":0,"menu_order":0,"comment_status":"closed","ping_status":"closed","template":"","meta":{"_acf_changed":false,"footnotes":""},"class_list":["post-989","page","type-page","status-publish","hentry"],"acf":[],"_links":{"self":[{"href":"https:\/\/www.microsteel.com\/en\/wp-json\/wp\/v2\/pages\/989","targetHints":{"allow":["GET"]}}],"collection":[{"href":"https:\/\/www.microsteel.com\/en\/wp-json\/wp\/v2\/pages"}],"about":[{"href":"https:\/\/www.microsteel.com\/en\/wp-json\/wp\/v2\/types\/page"}],"author":[{"embeddable":true,"href":"https:\/\/www.microsteel.com\/en\/wp-json\/wp\/v2\/users\/2"}],"replies":[{"embeddable":true,"href":"https:\/\/www.microsteel.com\/en\/wp-json\/wp\/v2\/comments?post=989"}],"version-history":[{"count":18,"href":"https:\/\/www.microsteel.com\/en\/wp-json\/wp\/v2\/pages\/989\/revisions"}],"predecessor-version":[{"id":14825,"href":"https:\/\/www.microsteel.com\/en\/wp-json\/wp\/v2\/pages\/989\/revisions\/14825"}],"wp:attachment":[{"href":"https:\/\/www.microsteel.com\/en\/wp-json\/wp\/v2\/media?parent=989"}],"curies":[{"name":"wp","href":"https:\/\/api.w.org\/{rel}","templated":true}]}}